{"id":591,"date":"2022-05-19T23:43:13","date_gmt":"2022-05-19T21:43:13","guid":{"rendered":"https:\/\/rapportannuel.hirondelle.org\/recherches-et-politiques-dappui-aux-medias"},"modified":"2025-06-23T11:10:40","modified_gmt":"2025-06-23T09:10:40","slug":"research-media-support-policy","status":"publish","type":"page","link":"https:\/\/rapportannuel.hirondelle.org\/en\/research-media-support-policy","title":{"rendered":"Understanding our audiences for greater impact: Research and Media"},"content":{"rendered":"<p>[vc_row][vc_column][vc_column_text]<strong>Fondation Hirondelle\u2019s research policy is one of our strategic pillars, enabling us to produce analyses of a media landscape that is changing rapidly in both the Global South and North. Among our most important achievements this year were a book on the impact of our radio programmes on women\u2019s autonomy in the Sahel and putting AI to work in boosting the circulation of reliable information.<\/strong>[\/vc_column_text][\/vc_column][\/vc_row][vc_row][vc_column width=&#8221;1\/2&#8243;][vc_column_text]Asignificant part of 2024 was dedicated to the development of our strategy for the next four years, which defines research as one of our strategic pillars. The aim is to enable our organisation to expand its expertise and its capacity to generate knowledge. In a constantly-changing world, our ambition is to make Fondation Hirondelle more proactive and prescriptive in its learning, in line with its priorities. These priorities include (re)building confidence, social cohesion and civic rights, as well as the conditions for viable media, in fragile situations; the interaction of these challenges with other global issues such as climate change, rising inequality, and a shrinking civic space; new ways of interacting with information, digital media, hybrid news environments (off- and online) and the development of AI; and the need for media education.<\/p>\n<p>Among the results achieved in 2024, we can highlight the publication of Dr. Emma Heywood\u2019s book Radio and Women\u2019s Empowerment in Francophone West Africa (<a href=\"https:\/\/link.springer.com\/book\/10.1007\/978-3-031-35985-9\" target=\"_blank\" rel=\"noopener\">Palgrave Macmillan<\/a>).<\/p>\n<p>This book summarises the results of numerous studies conducted with Fondation Hirondelle in the Sahel since 2018.[\/vc_column_text][\/vc_column][vc_column width=&#8221;1\/2&#8243;][vc_column_text]These studies compared the perspectives of audiences, journalists and experts with detailed analyses of the content of programmes produced by Studio Tamani in Mali, Studio Kalangou in Niger, and Studio Yafa in Burkina Faso. The role of these radio stations is examined in relation to a range of subjects including women\u2019s political involvement; women and finance; married life; internally displaced people; and trauma.<\/p>\n<p>The studies reveal that our studios have promoted women\u2019s autonomy by putting their voices at the heart of radio documentaries, thereby contributing to the normalisation of women\u2019s issues.<\/p>\n<p>At the same time, media may also bolster the status quo and gender discrimination by failing to question certain stereotypes, or simply by continuing to give men much more airtime, thereby reinforcing the acceptance of continuing male dominance.<\/p>\n<p>The author stresses the fact that much more research is required to better understand the role of media in promoting women\u2019s rights through broadcast content, types of formats and platform, and the people involved as producers, editors, hosts and guests. She concludes that, at a time when media actors in these three countries are rethinking their profession in the face of a worsening security situation and socio-economic challenges, the importance of women\u2019s roles in these male-dominated arenas should not be underestimated.[\/vc_column_text][\/vc_column][\/vc_row][vc_row][vc_column width=&#8221;1\/2&#8243;][vc_single_image image=&#8221;1949&#8243; img_size=&#8221;full&#8221; add_caption=&#8221;yes&#8221;][\/vc_column][vc_column width=&#8221;1\/2&#8243; el_class=&#8221;floatingColumn&#8221;][vc_column_text]<\/p>\n<h2>EPFL HACKATHON: MAKING AI WORK FOR THE CIRCULATION OF RELIABLE INFORMATION<\/h2>\n<p>In partnership with Hestia.ai, a Swiss company specialising in artificial intelligence (AI), Fondation Hirondelle won the Most Innovative Idea Award at the first PeaceTech Hackathon held by EPFL (\u00c9cole Polytechnique F\u00e9d\u00e9rale de Lausanne). Our starting point was the fact that the rapid and cheap spread of rumours can have deadly consequences, especially on populations experiencing crisis. The challenge was therefore to use AI to push reliable, fact-checked information produced by local, professional journalists on social media. In under 30 hours, a multidisciplinary team of students met the complex challenge set by Fondation Hirondelle, developing a working prototype of an AI agent chain that can: 1) collect podcasts produced by Fondation Hirondelle media; 2) transcribe them in text; 3) summarise them; 4) use them to create lists of key points; 5) identify the questions to which this content provides answers; and 6) combine these elements to produce posts to be published on social media. The resulting posts would be checked by human journalists before being made public.<\/p>\n<p>Fondation Hirondelle will continue to explore the best ways to integrate these rapidly-changing technologies as tools for the journalists we support. The key objective is to meet the challenge posed by the AI-driven increase in disinformation, which the <a href=\"https:\/\/www.weforum.org\/press\/2024\/01\/global-risks-report-2024-press-release\/\" target=\"_blank\" rel=\"noopener\">World Economic Forum<\/a> designated in 2024 as the biggest short-term risk to human development.[\/vc_column_text][\/vc_column][\/vc_row]<\/p>\n","protected":false},"excerpt":{"rendered":"<p>[vc_row][vc_column][vc_column_text]Fondation Hirondelle\u2019s research policy is one of our strategic pillars, enabling us to produce analyses of a media landscape that is changing rapidly in both the Global South and North. Among our most important achievements this year were a book on the impact of our radio programmes on women\u2019s autonomy in the Sahel and putting [&hellip;]<\/p>\n","protected":false},"author":6,"featured_media":1942,"parent":0,"menu_order":0,"comment_status":"closed","ping_status":"closed","template":"","meta":{"footnotes":""},"class_list":["post-591","page","type-page","status-publish","hentry"],"yoast_head":"<!-- This site is optimized with the Yoast SEO plugin v25.3.1 - https:\/\/yoast.com\/wordpress\/plugins\/seo\/ -->\n<title>Understanding our audiences for greater impact: Research and Media - Annual Report 2024 - Fondation Hirondelle<\/title>\n<meta name=\"robots\" content=\"index, follow, max-snippet:-1, max-image-preview:large, max-video-preview:-1\" \/>\n<link rel=\"canonical\" href=\"https:\/\/rapportannuel.hirondelle.org\/en\/research-media-support-policy\" \/>\n<meta property=\"og:locale\" content=\"en_US\" \/>\n<meta property=\"og:type\" content=\"article\" \/>\n<meta property=\"og:title\" content=\"Understanding our audiences for greater impact: Research and Media - Annual Report 2024 - Fondation Hirondelle\" \/>\n<meta property=\"og:description\" content=\"[vc_row][vc_column][vc_column_text]Fondation Hirondelle\u2019s research policy is one of our strategic pillars, enabling us to produce analyses of a media landscape that is changing rapidly in both the Global South and North. Among our most important achievements this year were a book on the impact of our radio programmes on women\u2019s autonomy in the Sahel and putting [&hellip;]\" \/>\n<meta property=\"og:url\" content=\"https:\/\/rapportannuel.hirondelle.org\/en\/research-media-support-policy\" \/>\n<meta property=\"og:site_name\" content=\"Annual Report 2024 - Fondation Hirondelle\" \/>\n<meta property=\"article:modified_time\" content=\"2025-06-23T09:10:40+00:00\" \/>\n<meta property=\"og:image\" content=\"https:\/\/rapportannuel.hirondelle.org\/wp-content\/uploads\/2025\/06\/banner-recherche.jpg\" \/>\n\t<meta property=\"og:image:width\" content=\"2000\" \/>\n\t<meta property=\"og:image:height\" content=\"1772\" \/>\n\t<meta property=\"og:image:type\" content=\"image\/jpeg\" \/>\n<meta name=\"twitter:card\" content=\"summary_large_image\" \/>\n<meta name=\"twitter:label1\" content=\"Est. reading time\" \/>\n\t<meta name=\"twitter:data1\" content=\"5 minutes\" \/>\n<script type=\"application\/ld+json\" class=\"yoast-schema-graph\">{\"@context\":\"https:\/\/schema.org\",\"@graph\":[{\"@type\":\"WebPage\",\"@id\":\"https:\/\/rapportannuel.hirondelle.org\/en\/research-media-support-policy\",\"url\":\"https:\/\/rapportannuel.hirondelle.org\/en\/research-media-support-policy\",\"name\":\"Understanding our audiences for greater impact: Research and Media - Annual Report 2024 - Fondation Hirondelle\",\"isPartOf\":{\"@id\":\"https:\/\/rapportannuel.hirondelle.org\/en#website\"},\"primaryImageOfPage\":{\"@id\":\"https:\/\/rapportannuel.hirondelle.org\/en\/research-media-support-policy#primaryimage\"},\"image\":{\"@id\":\"https:\/\/rapportannuel.hirondelle.org\/en\/research-media-support-policy#primaryimage\"},\"thumbnailUrl\":\"https:\/\/rapportannuel.hirondelle.org\/wp-content\/uploads\/2025\/06\/banner-recherche.jpg\",\"datePublished\":\"2022-05-19T21:43:13+00:00\",\"dateModified\":\"2025-06-23T09:10:40+00:00\",\"inLanguage\":\"en-US\",\"potentialAction\":[{\"@type\":\"ReadAction\",\"target\":[\"https:\/\/rapportannuel.hirondelle.org\/en\/research-media-support-policy\"]}]},{\"@type\":\"ImageObject\",\"inLanguage\":\"en-US\",\"@id\":\"https:\/\/rapportannuel.hirondelle.org\/en\/research-media-support-policy#primaryimage\",\"url\":\"https:\/\/rapportannuel.hirondelle.org\/wp-content\/uploads\/2025\/06\/banner-recherche.jpg\",\"contentUrl\":\"https:\/\/rapportannuel.hirondelle.org\/wp-content\/uploads\/2025\/06\/banner-recherche.jpg\",\"width\":2000,\"height\":1772,\"caption\":\"Lucie Sissira, an investigator trained by the Immar company, is carrying out an impact survey for Fondation Hirondelle in Obo, in the far southeast of the Central African Republic. \u00a9 Gwenn Dubourthoumieu \/ Fondation Hirondelle.\"},{\"@type\":\"WebSite\",\"@id\":\"https:\/\/rapportannuel.hirondelle.org\/en#website\",\"url\":\"https:\/\/rapportannuel.hirondelle.org\/en\",\"name\":\"Annual Report 2024 - Fondation Hirondelle\",\"description\":\"\",\"potentialAction\":[{\"@type\":\"SearchAction\",\"target\":{\"@type\":\"EntryPoint\",\"urlTemplate\":\"https:\/\/rapportannuel.hirondelle.org\/en?s={search_term_string}\"},\"query-input\":{\"@type\":\"PropertyValueSpecification\",\"valueRequired\":true,\"valueName\":\"search_term_string\"}}],\"inLanguage\":\"en-US\"}]}<\/script>\n<!-- \/ Yoast SEO plugin. -->","yoast_head_json":{"title":"Understanding our audiences for greater impact: Research and Media - Annual Report 2024 - Fondation Hirondelle","robots":{"index":"index","follow":"follow","max-snippet":"max-snippet:-1","max-image-preview":"max-image-preview:large","max-video-preview":"max-video-preview:-1"},"canonical":"https:\/\/rapportannuel.hirondelle.org\/en\/research-media-support-policy","og_locale":"en_US","og_type":"article","og_title":"Understanding our audiences for greater impact: Research and Media - Annual Report 2024 - Fondation Hirondelle","og_description":"[vc_row][vc_column][vc_column_text]Fondation Hirondelle\u2019s research policy is one of our strategic pillars, enabling us to produce analyses of a media landscape that is changing rapidly in both the Global South and North. Among our most important achievements this year were a book on the impact of our radio programmes on women\u2019s autonomy in the Sahel and putting [&hellip;]","og_url":"https:\/\/rapportannuel.hirondelle.org\/en\/research-media-support-policy","og_site_name":"Annual Report 2024 - Fondation Hirondelle","article_modified_time":"2025-06-23T09:10:40+00:00","og_image":[{"width":2000,"height":1772,"url":"https:\/\/rapportannuel.hirondelle.org\/wp-content\/uploads\/2025\/06\/banner-recherche.jpg","type":"image\/jpeg"}],"twitter_card":"summary_large_image","twitter_misc":{"Est. reading time":"5 minutes"},"schema":{"@context":"https:\/\/schema.org","@graph":[{"@type":"WebPage","@id":"https:\/\/rapportannuel.hirondelle.org\/en\/research-media-support-policy","url":"https:\/\/rapportannuel.hirondelle.org\/en\/research-media-support-policy","name":"Understanding our audiences for greater impact: Research and Media - Annual Report 2024 - Fondation Hirondelle","isPartOf":{"@id":"https:\/\/rapportannuel.hirondelle.org\/en#website"},"primaryImageOfPage":{"@id":"https:\/\/rapportannuel.hirondelle.org\/en\/research-media-support-policy#primaryimage"},"image":{"@id":"https:\/\/rapportannuel.hirondelle.org\/en\/research-media-support-policy#primaryimage"},"thumbnailUrl":"https:\/\/rapportannuel.hirondelle.org\/wp-content\/uploads\/2025\/06\/banner-recherche.jpg","datePublished":"2022-05-19T21:43:13+00:00","dateModified":"2025-06-23T09:10:40+00:00","inLanguage":"en-US","potentialAction":[{"@type":"ReadAction","target":["https:\/\/rapportannuel.hirondelle.org\/en\/research-media-support-policy"]}]},{"@type":"ImageObject","inLanguage":"en-US","@id":"https:\/\/rapportannuel.hirondelle.org\/en\/research-media-support-policy#primaryimage","url":"https:\/\/rapportannuel.hirondelle.org\/wp-content\/uploads\/2025\/06\/banner-recherche.jpg","contentUrl":"https:\/\/rapportannuel.hirondelle.org\/wp-content\/uploads\/2025\/06\/banner-recherche.jpg","width":2000,"height":1772,"caption":"Lucie Sissira, an investigator trained by the Immar company, is carrying out an impact survey for Fondation Hirondelle in Obo, in the far southeast of the Central African Republic. \u00a9 Gwenn Dubourthoumieu \/ Fondation Hirondelle."},{"@type":"WebSite","@id":"https:\/\/rapportannuel.hirondelle.org\/en#website","url":"https:\/\/rapportannuel.hirondelle.org\/en","name":"Annual Report 2024 - Fondation Hirondelle","description":"","potentialAction":[{"@type":"SearchAction","target":{"@type":"EntryPoint","urlTemplate":"https:\/\/rapportannuel.hirondelle.org\/en?s={search_term_string}"},"query-input":{"@type":"PropertyValueSpecification","valueRequired":true,"valueName":"search_term_string"}}],"inLanguage":"en-US"}]}},"_links":{"self":[{"href":"https:\/\/rapportannuel.hirondelle.org\/en\/wp-json\/wp\/v2\/pages\/591","targetHints":{"allow":["GET"]}}],"collection":[{"href":"https:\/\/rapportannuel.hirondelle.org\/en\/wp-json\/wp\/v2\/pages"}],"about":[{"href":"https:\/\/rapportannuel.hirondelle.org\/en\/wp-json\/wp\/v2\/types\/page"}],"author":[{"embeddable":true,"href":"https:\/\/rapportannuel.hirondelle.org\/en\/wp-json\/wp\/v2\/users\/6"}],"replies":[{"embeddable":true,"href":"https:\/\/rapportannuel.hirondelle.org\/en\/wp-json\/wp\/v2\/comments?post=591"}],"version-history":[{"count":35,"href":"https:\/\/rapportannuel.hirondelle.org\/en\/wp-json\/wp\/v2\/pages\/591\/revisions"}],"predecessor-version":[{"id":2112,"href":"https:\/\/rapportannuel.hirondelle.org\/en\/wp-json\/wp\/v2\/pages\/591\/revisions\/2112"}],"wp:featuredmedia":[{"embeddable":true,"href":"https:\/\/rapportannuel.hirondelle.org\/en\/wp-json\/wp\/v2\/media\/1942"}],"wp:attachment":[{"href":"https:\/\/rapportannuel.hirondelle.org\/en\/wp-json\/wp\/v2\/media?parent=591"}],"curies":[{"name":"wp","href":"https:\/\/api.w.org\/{rel}","templated":true}]}}