{"id":581,"date":"2022-05-18T22:30:55","date_gmt":"2022-05-18T20:30:55","guid":{"rendered":"https:\/\/rapportannuel.hirondelle.org\/justice-et-droits-humains"},"modified":"2023-06-08T18:38:53","modified_gmt":"2023-06-08T16:38:53","slug":"justice-and-human-rights-shedding-light-on-justice-processes","status":"publish","type":"page","link":"https:\/\/rapportannuel.hirondelle.org\/en\/justice-and-human-rights-shedding-light-on-justice-processes","title":{"rendered":"Irene Khan : \u201cMedia and digital literacy empowers people against disinformation&#8221;"},"content":{"rendered":"<p>[vc_row][vc_column][vc_column_text]<strong>Media freedom continues its downward trend across the globe. The age-old practice of using the law to suppress reporting has been revived with a new ferocity in the digital age, warns Ms. Irene KHAN, UN Special Rapporteur on freedom of opinion and expression.<\/strong>[\/vc_column_text][\/vc_column][\/vc_row][vc_row][vc_column width=&#8221;1\/2&#8243;][vc_single_image image=&#8221;1170&#8243; img_size=&#8221;full&#8221; add_caption=&#8221;yes&#8221;][vc_column_text]<strong>Why is the right to information a cornerstone in fulfilling human rights?<\/strong><\/p>\n<p><strong>Irene Khan<\/strong>: The right to seek, receive and impart information is at the heart of freedom of expression. It empowers people and gives them agency over their own lives. It enables independent, free, diverse and pluralistic media to inform the public and hold governments to account. It is essential for the fulfilment of many other rights. During the Covid-19 pandemic, we saw how important access to information was for our rights to health and life. When people are informed and can express their views freely, they can contribute to democracy and development.<\/p>\n<p>I have called the right to information a survival right in times of armed conflict because civilians need to communicate with family and friends, they need information about the security situation, about where to find essential services. They need access to the internet. Their lives as well as fundamental human rights depend on access to information.[\/vc_column_text][vc_row_inner][vc_column_inner el_class=&#8221;floatingColumn&#8221;][vc_column_text el_class=&#8221;floatingColumn&#8221;]<\/p>\n<h3>PROTECTING JOURNALISTS TO PROTECT THE RIGHT TO INFORMATION<\/h3>\n<p>\u201cJournalists should not face criminal charges for their work, but they do in many States, often for writing critical stories about public officials or institutions. Condemnations are all the stronger for online publications that have international resonance. The use of criminal defamation offences to re-strict online expression has increased world-wide. It is important, more so now than ever, that the civil society, lawyers and individuals ensure that freedom of expression is protected also online, and only limited in terms of the clear prescripts of international human rights law.\u201d Irene Khan[\/vc_column_text][\/vc_column_inner][\/vc_row_inner][\/vc_column][vc_column width=&#8221;1\/2&#8243;][vc_column_text]<strong>Do you observe a degradation of the freedom of expression recently and how does this affect your priorities?<\/strong><\/p>\n<p>These are tough times for freedom of expression against a background of rising authoritarianism, shrinking civic space, and threats to human rights as well as media freedom. Digital technology has revolutionized information and communications, enhancing opportunities for freedom of expression but it has also brought new challenges and risks, not least the threats of surveillance, breaches of data protection, disinformation and misinformation.<\/p>\n<p><strong>Are fake news laws the best way to tackle disinformation?<\/strong><\/p>\n<p>Using \u201cfake news\u201d laws to restrict the media or criminalizing online speech on grounds of falsity violates the right to freedom of expression and does nothing to stop disinformation. Diverse and reliable information is an obvious antidote to disinformation. Governments can fight disinformation by creating an enabling environment for independent, free, pluralistic, diverse media. They provide fact-checking and help to build public trust. States have an obligation to issue truthful, verifiable information.<\/p>\n<p>Digital companies should respect the UN guidelines on business and human rights and undertake human rights due diligence to ensure that their business models and practices do not promote disinformation and misinformation and their content moderation is in line with international human rights standards.<\/p>\n<p>Media, information and digital literacy empowers people and makes them resilient against disinformation and misinformation. It should become part of the national school curriculum in all countries around the world.<\/p>\n<blockquote><p><strong>I have been particularly concerned about online attacks, hate speech and disinformation.<\/strong><\/p><\/blockquote>\n<p>[\/vc_column_text][vc_single_image image=&#8221;1174&#8243; img_size=&#8221;full&#8221; add_caption=&#8221;yes&#8221; alignment=&#8221;center&#8221; title=&#8221;Informative journalism that is also sensitive to the experience of human suffering&#8221;][\/vc_column][\/vc_row]<\/p>\n","protected":false},"excerpt":{"rendered":"<p>[vc_row][vc_column][vc_column_text]Media freedom continues its downward trend across the globe. The age-old practice of using the law to suppress reporting has been revived with a new ferocity in the digital age, warns Ms. Irene KHAN, UN Special Rapporteur on freedom of opinion and expression.[\/vc_column_text][\/vc_column][\/vc_row][vc_row][vc_column width=&#8221;1\/2&#8243;][vc_single_image image=&#8221;1170&#8243; img_size=&#8221;full&#8221; add_caption=&#8221;yes&#8221;][vc_column_text]Why is the right to information a cornerstone in [&hellip;]<\/p>\n","protected":false},"author":6,"featured_media":1165,"parent":0,"menu_order":0,"comment_status":"closed","ping_status":"closed","template":"","meta":{"footnotes":""},"class_list":["post-581","page","type-page","status-publish","hentry"],"yoast_head":"<!-- This site is optimized with the Yoast SEO plugin v25.3.1 - https:\/\/yoast.com\/wordpress\/plugins\/seo\/ -->\n<title>Irene Khan : \u201cMedia and digital literacy empowers people against disinformation&quot; - Annual Report 2024 - Fondation Hirondelle<\/title>\n<meta name=\"robots\" content=\"index, follow, max-snippet:-1, max-image-preview:large, max-video-preview:-1\" \/>\n<link rel=\"canonical\" href=\"https:\/\/rapportannuel.hirondelle.org\/en\/justice-and-human-rights-shedding-light-on-justice-processes\" \/>\n<meta property=\"og:locale\" content=\"en_US\" \/>\n<meta property=\"og:type\" content=\"article\" \/>\n<meta property=\"og:title\" content=\"Irene Khan : \u201cMedia and digital literacy empowers people against disinformation&quot; - Annual Report 2024 - Fondation Hirondelle\" \/>\n<meta property=\"og:description\" content=\"[vc_row][vc_column][vc_column_text]Media freedom continues its downward trend across the globe. The age-old practice of using the law to suppress reporting has been revived with a new ferocity in the digital age, warns Ms. Irene KHAN, UN Special Rapporteur on freedom of opinion and expression.[\/vc_column_text][\/vc_column][\/vc_row][vc_row][vc_column width=&#8221;1\/2&#8243;][vc_single_image image=&#8221;1170&#8243; img_size=&#8221;full&#8221; add_caption=&#8221;yes&#8221;][vc_column_text]Why is the right to information a cornerstone in [&hellip;]\" \/>\n<meta property=\"og:url\" content=\"https:\/\/rapportannuel.hirondelle.org\/en\/justice-and-human-rights-shedding-light-on-justice-processes\" \/>\n<meta property=\"og:site_name\" content=\"Annual Report 2024 - Fondation Hirondelle\" \/>\n<meta property=\"article:modified_time\" content=\"2023-06-08T16:38:53+00:00\" \/>\n<meta property=\"og:image\" content=\"https:\/\/rapportannuel.hirondelle.org\/wp-content\/uploads\/2023\/05\/justice-droits-humains.jpg\" \/>\n\t<meta property=\"og:image:width\" content=\"2560\" \/>\n\t<meta property=\"og:image:height\" content=\"1611\" \/>\n\t<meta property=\"og:image:type\" content=\"image\/jpeg\" \/>\n<meta name=\"twitter:card\" content=\"summary_large_image\" \/>\n<meta name=\"twitter:label1\" content=\"Est. reading time\" \/>\n\t<meta name=\"twitter:data1\" content=\"3 minutes\" \/>\n<script type=\"application\/ld+json\" class=\"yoast-schema-graph\">{\"@context\":\"https:\/\/schema.org\",\"@graph\":[{\"@type\":\"WebPage\",\"@id\":\"https:\/\/rapportannuel.hirondelle.org\/en\/justice-and-human-rights-shedding-light-on-justice-processes\",\"url\":\"https:\/\/rapportannuel.hirondelle.org\/en\/justice-and-human-rights-shedding-light-on-justice-processes\",\"name\":\"Irene Khan : \u201cMedia and digital literacy empowers people against disinformation\\\" - Annual Report 2024 - Fondation Hirondelle\",\"isPartOf\":{\"@id\":\"https:\/\/rapportannuel.hirondelle.org\/en#website\"},\"primaryImageOfPage\":{\"@id\":\"https:\/\/rapportannuel.hirondelle.org\/en\/justice-and-human-rights-shedding-light-on-justice-processes#primaryimage\"},\"image\":{\"@id\":\"https:\/\/rapportannuel.hirondelle.org\/en\/justice-and-human-rights-shedding-light-on-justice-processes#primaryimage\"},\"thumbnailUrl\":\"https:\/\/rapportannuel.hirondelle.org\/wp-content\/uploads\/2023\/05\/justice-droits-humains.jpg\",\"datePublished\":\"2022-05-18T20:30:55+00:00\",\"dateModified\":\"2023-06-08T16:38:53+00:00\",\"inLanguage\":\"en-US\",\"potentialAction\":[{\"@type\":\"ReadAction\",\"target\":[\"https:\/\/rapportannuel.hirondelle.org\/en\/justice-and-human-rights-shedding-light-on-justice-processes\"]}]},{\"@type\":\"ImageObject\",\"inLanguage\":\"en-US\",\"@id\":\"https:\/\/rapportannuel.hirondelle.org\/en\/justice-and-human-rights-shedding-light-on-justice-processes#primaryimage\",\"url\":\"https:\/\/rapportannuel.hirondelle.org\/wp-content\/uploads\/2023\/05\/justice-droits-humains.jpg\",\"contentUrl\":\"https:\/\/rapportannuel.hirondelle.org\/wp-content\/uploads\/2023\/05\/justice-droits-humains.jpg\",\"width\":2560,\"height\":1611,\"caption\":\"La pr\u00e9sidente d\u2019une association f\u00e9minine pr\u00e9pare sa radio pour \u00e9couter les informations, dans le territoire de Mbakana, en RDC. \u00a9 Justin Makangara \/ Fondation Hirondelle.\"},{\"@type\":\"WebSite\",\"@id\":\"https:\/\/rapportannuel.hirondelle.org\/en#website\",\"url\":\"https:\/\/rapportannuel.hirondelle.org\/en\",\"name\":\"Annual Report 2024 - Fondation Hirondelle\",\"description\":\"\",\"potentialAction\":[{\"@type\":\"SearchAction\",\"target\":{\"@type\":\"EntryPoint\",\"urlTemplate\":\"https:\/\/rapportannuel.hirondelle.org\/en?s={search_term_string}\"},\"query-input\":{\"@type\":\"PropertyValueSpecification\",\"valueRequired\":true,\"valueName\":\"search_term_string\"}}],\"inLanguage\":\"en-US\"}]}<\/script>\n<!-- \/ Yoast SEO plugin. -->","yoast_head_json":{"title":"Irene Khan : \u201cMedia and digital literacy empowers people against disinformation\" - Annual Report 2024 - Fondation Hirondelle","robots":{"index":"index","follow":"follow","max-snippet":"max-snippet:-1","max-image-preview":"max-image-preview:large","max-video-preview":"max-video-preview:-1"},"canonical":"https:\/\/rapportannuel.hirondelle.org\/en\/justice-and-human-rights-shedding-light-on-justice-processes","og_locale":"en_US","og_type":"article","og_title":"Irene Khan : \u201cMedia and digital literacy empowers people against disinformation\" - Annual Report 2024 - Fondation Hirondelle","og_description":"[vc_row][vc_column][vc_column_text]Media freedom continues its downward trend across the globe. The age-old practice of using the law to suppress reporting has been revived with a new ferocity in the digital age, warns Ms. Irene KHAN, UN Special Rapporteur on freedom of opinion and expression.[\/vc_column_text][\/vc_column][\/vc_row][vc_row][vc_column width=&#8221;1\/2&#8243;][vc_single_image image=&#8221;1170&#8243; img_size=&#8221;full&#8221; add_caption=&#8221;yes&#8221;][vc_column_text]Why is the right to information a cornerstone in [&hellip;]","og_url":"https:\/\/rapportannuel.hirondelle.org\/en\/justice-and-human-rights-shedding-light-on-justice-processes","og_site_name":"Annual Report 2024 - Fondation Hirondelle","article_modified_time":"2023-06-08T16:38:53+00:00","og_image":[{"width":2560,"height":1611,"url":"https:\/\/rapportannuel.hirondelle.org\/wp-content\/uploads\/2023\/05\/justice-droits-humains.jpg","type":"image\/jpeg"}],"twitter_card":"summary_large_image","twitter_misc":{"Est. reading time":"3 minutes"},"schema":{"@context":"https:\/\/schema.org","@graph":[{"@type":"WebPage","@id":"https:\/\/rapportannuel.hirondelle.org\/en\/justice-and-human-rights-shedding-light-on-justice-processes","url":"https:\/\/rapportannuel.hirondelle.org\/en\/justice-and-human-rights-shedding-light-on-justice-processes","name":"Irene Khan : \u201cMedia and digital literacy empowers people against disinformation\" - Annual Report 2024 - Fondation Hirondelle","isPartOf":{"@id":"https:\/\/rapportannuel.hirondelle.org\/en#website"},"primaryImageOfPage":{"@id":"https:\/\/rapportannuel.hirondelle.org\/en\/justice-and-human-rights-shedding-light-on-justice-processes#primaryimage"},"image":{"@id":"https:\/\/rapportannuel.hirondelle.org\/en\/justice-and-human-rights-shedding-light-on-justice-processes#primaryimage"},"thumbnailUrl":"https:\/\/rapportannuel.hirondelle.org\/wp-content\/uploads\/2023\/05\/justice-droits-humains.jpg","datePublished":"2022-05-18T20:30:55+00:00","dateModified":"2023-06-08T16:38:53+00:00","inLanguage":"en-US","potentialAction":[{"@type":"ReadAction","target":["https:\/\/rapportannuel.hirondelle.org\/en\/justice-and-human-rights-shedding-light-on-justice-processes"]}]},{"@type":"ImageObject","inLanguage":"en-US","@id":"https:\/\/rapportannuel.hirondelle.org\/en\/justice-and-human-rights-shedding-light-on-justice-processes#primaryimage","url":"https:\/\/rapportannuel.hirondelle.org\/wp-content\/uploads\/2023\/05\/justice-droits-humains.jpg","contentUrl":"https:\/\/rapportannuel.hirondelle.org\/wp-content\/uploads\/2023\/05\/justice-droits-humains.jpg","width":2560,"height":1611,"caption":"La pr\u00e9sidente d\u2019une association f\u00e9minine pr\u00e9pare sa radio pour \u00e9couter les informations, dans le territoire de Mbakana, en RDC. \u00a9 Justin Makangara \/ Fondation Hirondelle."},{"@type":"WebSite","@id":"https:\/\/rapportannuel.hirondelle.org\/en#website","url":"https:\/\/rapportannuel.hirondelle.org\/en","name":"Annual Report 2024 - Fondation Hirondelle","description":"","potentialAction":[{"@type":"SearchAction","target":{"@type":"EntryPoint","urlTemplate":"https:\/\/rapportannuel.hirondelle.org\/en?s={search_term_string}"},"query-input":{"@type":"PropertyValueSpecification","valueRequired":true,"valueName":"search_term_string"}}],"inLanguage":"en-US"}]}},"_links":{"self":[{"href":"https:\/\/rapportannuel.hirondelle.org\/en\/wp-json\/wp\/v2\/pages\/581","targetHints":{"allow":["GET"]}}],"collection":[{"href":"https:\/\/rapportannuel.hirondelle.org\/en\/wp-json\/wp\/v2\/pages"}],"about":[{"href":"https:\/\/rapportannuel.hirondelle.org\/en\/wp-json\/wp\/v2\/types\/page"}],"author":[{"embeddable":true,"href":"https:\/\/rapportannuel.hirondelle.org\/en\/wp-json\/wp\/v2\/users\/6"}],"replies":[{"embeddable":true,"href":"https:\/\/rapportannuel.hirondelle.org\/en\/wp-json\/wp\/v2\/comments?post=581"}],"version-history":[{"count":15,"href":"https:\/\/rapportannuel.hirondelle.org\/en\/wp-json\/wp\/v2\/pages\/581\/revisions"}],"predecessor-version":[{"id":1380,"href":"https:\/\/rapportannuel.hirondelle.org\/en\/wp-json\/wp\/v2\/pages\/581\/revisions\/1380"}],"wp:featuredmedia":[{"embeddable":true,"href":"https:\/\/rapportannuel.hirondelle.org\/en\/wp-json\/wp\/v2\/media\/1165"}],"wp:attachment":[{"href":"https:\/\/rapportannuel.hirondelle.org\/en\/wp-json\/wp\/v2\/media?parent=581"}],"curies":[{"name":"wp","href":"https:\/\/api.w.org\/{rel}","templated":true}]}}