{"id":550,"date":"2022-03-21T19:59:15","date_gmt":"2022-03-21T18:59:15","guid":{"rendered":"https:\/\/rapportannuel.hirondelle.org\/dialogue-dans-le-sahel\/studio-yafa"},"modified":"2025-06-19T19:19:35","modified_gmt":"2025-06-19T17:19:35","slug":"studio-yafa","status":"publish","type":"page","link":"https:\/\/rapportannuel.hirondelle.org\/en\/contribution-of-the-media-to-peace-efforts\/studio-yafa","title":{"rendered":"Burkina Faso &#8211; Studio Yafa"},"content":{"rendered":"<p>[vc_row][vc_column width=&#8221;1\/3&#8243;][vc_single_image image=&#8221;184&#8243; img_size=&#8221;large&#8221; css=&#8221;.vc_custom_1652776367458{margin-top: 10px !important;margin-bottom: 10px !important;}&#8221; el_class=&#8221;fullWidthImageContainer&#8221;][vc_row_inner][vc_column_inner el_class=&#8221;floatingColumn&#8221;][vc_column_text]Active in Burkina Faso since 2018, Studio Yafa provides information and spaces for dialogue about the country\u2019s social and political life through multimedia programs (radio, television and video) aimed at youth, women and vulnerable people. Its news programmes and debates are produced in five languages (Moor\u00e9, Dioula, Fulfulde, Gulmancema and French) by a team of journalists, translators and technicians supported by<br \/>\ncorrespondents from 38 partner radio stations located throughout the country.<\/p>\n<p>Studio Yafa works in partnership with Union Nationale de l\u2019Audiovisuel Libre du Faso (UNALFA), MOUSSO NEWS (an online media platform specializing in gender issues), FASOCHECK (an association of journalists specialized in fact-checking), Laboratoire Citoyennet\u00e9s, and Institut G\u00e9n\u00e9ral Ti\u00e9moko Marc Garango pour la Gouvernance et le D\u00e9veloppement (IGD).<\/p>\n<hr \/>\n<h4>Key Figures 2024<\/h4>\n<p><strong>459 hours of audio and 11 hours of <\/strong><strong>video broadcast<\/strong><br \/>\n<strong>160 media professionals trained<\/strong><br \/>\n<strong>152,270 social media followers<\/strong><\/p>\n<hr \/>\n<h4>Financial Volume 2024<\/h4>\n<p>1,881,485 CHF<\/p>\n<h4>Sources of Funding<\/h4>\n<p>\u2022 Switzerland (Project Contributions)<br \/>\n\u2022 Switzerland (SDC Mandate)<br \/>\n\u2022 Sweden (SIDA)<br \/>\n\u2022 Switzerland (SDC Core Contribution)<br \/>\n\u2022 United Kingdom (FCDO \u2013 ISF)<br \/>\n\u2022 Communication Partnership Contracts<br \/>\n\u2022 Netherlands (Ministry of Foreign Affairs)<br \/>\n\u2022 D\u00e4ster Schild Foundation<br \/>\n\u2022 Czech Republic (Ministry of Foreign Affairs)<br \/>\n\u2022 Foundation for Aid to Children and the Third World<\/p>\n<hr \/>\n<p><a href=\"https:\/\/www.studioyafa.org\" target=\"_blank\" rel=\"noopener\">studioyafa.org<\/a>[\/vc_column_text][vc_raw_html]JTNDZGl2JTIwc3R5bGUlM0QlMjJtYXJnaW4tdG9wJTNBLTEwcHglM0IlMjIlM0UlMEElMjAlMjAlMjAlMjAlM0NhJTIwaHJlZiUzRCUyMmh0dHBzJTNBJTJGJTJGd3d3LmZhY2Vib29rLmNvbSUyRlN0dWRpb1lhZmFCdXJraW5hJTJGJTIyJTIwdGFyZ2V0JTNEJTIyX2JsYW5rJTIyJTNFJTNDaSUyMHN0eWxlJTNEJTIyZm9udC1zaXplJTNBMjdweCUzQm1hcmdpbiUzQTAlMjAxMHB4JTIwMCUyMDAlM0IlMjIlMjBjbGFzcyUzRCUyMmZhLWJyYW5kcyUyMGZhLXNxdWFyZS1mYWNlYm9vayUyMiUzRSUzQyUyRmklM0UlM0MlMkZhJTNFJTBBJTIwJTIwJTIwJTIwJTNDYSUyMGhyZWYlM0QlMjJodHRwcyUzQSUyRiUyRnR3aXR0ZXIuY29tJTJGU3R1ZGlvWWFmYSUyMiUyMHRhcmdldCUzRCUyMl9ibGFuayUyMiUzRSUzQ2klMjBzdHlsZSUzRCUyMmZvbnQtc2l6ZSUzQTI3cHglM0JtYXJnaW4lM0EwJTIwMTBweCUyMDAlMjAwJTNCJTIyJTIwY2xhc3MlM0QlMjJmYS1icmFuZHMlMjBmYS1zcXVhcmUteC10d2l0dGVyJTIyJTNFJTNDJTJGaSUzRSUzQyUyRmElM0UlMEElMjAlMjAlMjAlMjAlM0NhJTIwaHJlZiUzRCUyMmh0dHBzJTNBJTJGJTJGd3d3LnlvdXR1YmUuY29tJTJGY2hhbm5lbCUyRlVDVkptTDBPMmRaTlkwZHE2TGduOGdKUSUyMiUyMHRhcmdldCUzRCUyMl9ibGFuayUyMiUzRSUzQ2klMjBzdHlsZSUzRCUyMmZvbnQtc2l6ZSUzQTI3cHglM0JtYXJnaW4lM0EwJTIwMTBweCUyMDAlMjAwJTNCJTIyJTIwY2xhc3MlM0QlMjJmYS1icmFuZHMlMjBmYS1zcXVhcmUteW91dHViZSUyMiUzRSUzQyUyRmklM0UlM0MlMkZhJTNFJTBBJTNDJTJGZGl2JTNF[\/vc_raw_html][\/vc_column_inner][\/vc_row_inner][\/vc_column][vc_column width=&#8221;2\/3&#8243;][vc_column_text]<\/p>\n<h2>LOCAL, RELIABLE AND MULTILINGUAL INFORMATION THAT WORKS FOR BURKINAB\u00c8<\/h2>\n<p>In 2024, the Burkina Faso transitional government increased its defence budget to expand the fight against armed groups. The economic situation worsened, with inflation rates reaching 6.3% in October. In the Reporters Without Borders World Press Freedom Index, the country\u2019s ranking fell from 58 to 86. On 6th July 2024, Burkina Faso, Mali and Niger announced that the Alliance of Sahel States would become a confederation.<\/p>\n<p>Against this backdrop, Studio Yafa retained its central place in the daily lives of youth, women and vulnerable people, producing series of programmes including Yafa Celebrates Women, Yafa at School, Yafa in the Field, and features such as A Reminder About Dengue Fever and Measles. Studio Yafa pursued its humanitarian radio programming aimed at internally displaced people and host communities, with its journalists covering these populations\u2019 living conditions every Saturday. Working with Fondation Hirondelle\u2019s two other Sahel stations, Studio Tamani in Mali and Studio Kalangou in Niger, Studio Yafa co-produced\u00a0 programmes aired in 12 languages by 202 radio and 12 television stations, reaching an audience of 7 million. Lastly, two television programmes were produced: the first, in partnership with the national channel RTB, was about the promotion of young civic project leaders, and the second, in partnership with BF1 (the country\u2019s most-watched private channel), about accountability and citizens\u2019 watch initiatives.<\/p>\n<blockquote><p><strong>Thanks to Studio Yafa\u2019s programmes, we know what life is like in some remote areas.<\/strong><br \/>\nListener in Mangodara<\/p><\/blockquote>\n<p>Studio Yafa also held a series of training sessions on topics ranging from fake news and fact-checking to techniques for speaking in public and in the media. In October, Studio Yafa obtained its Journalism Trust Initiative (JTI) certification. Over 80% of listeners who participated in focus groups expressed their satisfaction with and trust in content produced by Studio Yafa (AGEXS Afrique study). 90% of people who took part in group listening sessions held by community stations agreed that the productions contributed to social cohesion.<\/p>\n<p>In 2025, Studio Yafa will raise public awareness about the responsible and critical use of online and social media resources. A special focus group will be set up to monitor and analyse hate speech and fake news, playing a key role in raising public awareness about the risks of disinformation.[\/vc_column_text][vc_single_image image=&#8221;1031&#8243; img_size=&#8221;full&#8221; add_caption=&#8221;yes&#8221;][\/vc_column][\/vc_row]<\/p>\n","protected":false},"excerpt":{"rendered":"<p>[vc_row][vc_column width=&#8221;1\/3&#8243;][vc_single_image image=&#8221;184&#8243; img_size=&#8221;large&#8221; css=&#8221;.vc_custom_1652776367458{margin-top: 10px !important;margin-bottom: 10px !important;}&#8221; el_class=&#8221;fullWidthImageContainer&#8221;][vc_row_inner][vc_column_inner el_class=&#8221;floatingColumn&#8221;][vc_column_text]Active in Burkina Faso since 2018, Studio Yafa provides information and spaces for dialogue about the country\u2019s social and political life through multimedia programs (radio, television and video) aimed at youth, women and vulnerable people. Its news programmes and debates are produced in five languages [&hellip;]<\/p>\n","protected":false},"author":6,"featured_media":1921,"parent":552,"menu_order":2,"comment_status":"closed","ping_status":"closed","template":"","meta":{"footnotes":""},"class_list":["post-550","page","type-page","status-publish","hentry"],"yoast_head":"<!-- This site is optimized with the Yoast SEO plugin v25.3.1 - https:\/\/yoast.com\/wordpress\/plugins\/seo\/ -->\n<title>Burkina Faso - Studio Yafa - Annual Report 2024 - Fondation Hirondelle<\/title>\n<meta name=\"robots\" content=\"index, follow, max-snippet:-1, max-image-preview:large, max-video-preview:-1\" \/>\n<link rel=\"canonical\" href=\"https:\/\/rapportannuel.hirondelle.org\/en\/contribution-of-the-media-to-peace-efforts\/studio-yafa\" \/>\n<meta property=\"og:locale\" content=\"en_US\" \/>\n<meta property=\"og:type\" content=\"article\" \/>\n<meta property=\"og:title\" content=\"Burkina Faso - Studio Yafa - Annual Report 2024 - Fondation Hirondelle\" \/>\n<meta property=\"og:description\" content=\"[vc_row][vc_column width=&#8221;1\/3&#8243;][vc_single_image image=&#8221;184&#8243; img_size=&#8221;large&#8221; css=&#8221;.vc_custom_1652776367458{margin-top: 10px !important;margin-bottom: 10px !important;}&#8221; el_class=&#8221;fullWidthImageContainer&#8221;][vc_row_inner][vc_column_inner el_class=&#8221;floatingColumn&#8221;][vc_column_text]Active in Burkina Faso since 2018, Studio Yafa provides information and spaces for dialogue about the country\u2019s social and political life through multimedia programs (radio, television and video) aimed at youth, women and vulnerable people. Its news programmes and debates are produced in five languages [&hellip;]\" \/>\n<meta property=\"og:url\" content=\"https:\/\/rapportannuel.hirondelle.org\/en\/contribution-of-the-media-to-peace-efforts\/studio-yafa\" \/>\n<meta property=\"og:site_name\" content=\"Annual Report 2024 - Fondation Hirondelle\" \/>\n<meta property=\"article:modified_time\" content=\"2025-06-19T17:19:35+00:00\" \/>\n<meta property=\"og:image\" content=\"https:\/\/rapportannuel.hirondelle.org\/wp-content\/uploads\/2025\/05\/banner-yafa.jpg\" \/>\n\t<meta property=\"og:image:width\" content=\"2500\" \/>\n\t<meta property=\"og:image:height\" content=\"1667\" \/>\n\t<meta property=\"og:image:type\" content=\"image\/jpeg\" \/>\n<meta name=\"twitter:card\" content=\"summary_large_image\" \/>\n<meta name=\"twitter:label1\" content=\"Est. reading time\" \/>\n\t<meta name=\"twitter:data1\" content=\"4 minutes\" \/>\n<script type=\"application\/ld+json\" class=\"yoast-schema-graph\">{\"@context\":\"https:\/\/schema.org\",\"@graph\":[{\"@type\":\"WebPage\",\"@id\":\"https:\/\/rapportannuel.hirondelle.org\/en\/contribution-of-the-media-to-peace-efforts\/studio-yafa\",\"url\":\"https:\/\/rapportannuel.hirondelle.org\/en\/contribution-of-the-media-to-peace-efforts\/studio-yafa\",\"name\":\"Burkina Faso - Studio Yafa - Annual Report 2024 - Fondation Hirondelle\",\"isPartOf\":{\"@id\":\"https:\/\/rapportannuel.hirondelle.org\/en#website\"},\"primaryImageOfPage\":{\"@id\":\"https:\/\/rapportannuel.hirondelle.org\/en\/contribution-of-the-media-to-peace-efforts\/studio-yafa#primaryimage\"},\"image\":{\"@id\":\"https:\/\/rapportannuel.hirondelle.org\/en\/contribution-of-the-media-to-peace-efforts\/studio-yafa#primaryimage\"},\"thumbnailUrl\":\"https:\/\/rapportannuel.hirondelle.org\/wp-content\/uploads\/2025\/05\/banner-yafa.jpg\",\"datePublished\":\"2022-03-21T18:59:15+00:00\",\"dateModified\":\"2025-06-19T17:19:35+00:00\",\"breadcrumb\":{\"@id\":\"https:\/\/rapportannuel.hirondelle.org\/en\/contribution-of-the-media-to-peace-efforts\/studio-yafa#breadcrumb\"},\"inLanguage\":\"en-US\",\"potentialAction\":[{\"@type\":\"ReadAction\",\"target\":[\"https:\/\/rapportannuel.hirondelle.org\/en\/contribution-of-the-media-to-peace-efforts\/studio-yafa\"]}]},{\"@type\":\"ImageObject\",\"inLanguage\":\"en-US\",\"@id\":\"https:\/\/rapportannuel.hirondelle.org\/en\/contribution-of-the-media-to-peace-efforts\/studio-yafa#primaryimage\",\"url\":\"https:\/\/rapportannuel.hirondelle.org\/wp-content\/uploads\/2025\/05\/banner-yafa.jpg\",\"contentUrl\":\"https:\/\/rapportannuel.hirondelle.org\/wp-content\/uploads\/2025\/05\/banner-yafa.jpg\",\"width\":2500,\"height\":1667,\"caption\":\"A journalist from Studio Yafa records a piece in the studio, in Ouagadougou. @ Olympia de Maismont \/ Fondation Hirondelle.\"},{\"@type\":\"BreadcrumbList\",\"@id\":\"https:\/\/rapportannuel.hirondelle.org\/en\/contribution-of-the-media-to-peace-efforts\/studio-yafa#breadcrumb\",\"itemListElement\":[{\"@type\":\"ListItem\",\"position\":1,\"name\":\"Fostering dialogue and social cohesion\",\"item\":\"https:\/\/rapportannuel.hirondelle.org\/en\/contribution-of-the-media-to-peace-efforts\"},{\"@type\":\"ListItem\",\"position\":2,\"name\":\"Burkina Faso &#8211; Studio Yafa\"}]},{\"@type\":\"WebSite\",\"@id\":\"https:\/\/rapportannuel.hirondelle.org\/en#website\",\"url\":\"https:\/\/rapportannuel.hirondelle.org\/en\",\"name\":\"Annual Report 2024 - Fondation Hirondelle\",\"description\":\"\",\"potentialAction\":[{\"@type\":\"SearchAction\",\"target\":{\"@type\":\"EntryPoint\",\"urlTemplate\":\"https:\/\/rapportannuel.hirondelle.org\/en?s={search_term_string}\"},\"query-input\":{\"@type\":\"PropertyValueSpecification\",\"valueRequired\":true,\"valueName\":\"search_term_string\"}}],\"inLanguage\":\"en-US\"}]}<\/script>\n<!-- \/ Yoast SEO plugin. -->","yoast_head_json":{"title":"Burkina Faso - Studio Yafa - Annual Report 2024 - Fondation Hirondelle","robots":{"index":"index","follow":"follow","max-snippet":"max-snippet:-1","max-image-preview":"max-image-preview:large","max-video-preview":"max-video-preview:-1"},"canonical":"https:\/\/rapportannuel.hirondelle.org\/en\/contribution-of-the-media-to-peace-efforts\/studio-yafa","og_locale":"en_US","og_type":"article","og_title":"Burkina Faso - Studio Yafa - Annual Report 2024 - Fondation Hirondelle","og_description":"[vc_row][vc_column width=&#8221;1\/3&#8243;][vc_single_image image=&#8221;184&#8243; img_size=&#8221;large&#8221; css=&#8221;.vc_custom_1652776367458{margin-top: 10px !important;margin-bottom: 10px !important;}&#8221; el_class=&#8221;fullWidthImageContainer&#8221;][vc_row_inner][vc_column_inner el_class=&#8221;floatingColumn&#8221;][vc_column_text]Active in Burkina Faso since 2018, Studio Yafa provides information and spaces for dialogue about the country\u2019s social and political life through multimedia programs (radio, television and video) aimed at youth, women and vulnerable people. Its news programmes and debates are produced in five languages [&hellip;]","og_url":"https:\/\/rapportannuel.hirondelle.org\/en\/contribution-of-the-media-to-peace-efforts\/studio-yafa","og_site_name":"Annual Report 2024 - Fondation Hirondelle","article_modified_time":"2025-06-19T17:19:35+00:00","og_image":[{"width":2500,"height":1667,"url":"https:\/\/rapportannuel.hirondelle.org\/wp-content\/uploads\/2025\/05\/banner-yafa.jpg","type":"image\/jpeg"}],"twitter_card":"summary_large_image","twitter_misc":{"Est. reading time":"4 minutes"},"schema":{"@context":"https:\/\/schema.org","@graph":[{"@type":"WebPage","@id":"https:\/\/rapportannuel.hirondelle.org\/en\/contribution-of-the-media-to-peace-efforts\/studio-yafa","url":"https:\/\/rapportannuel.hirondelle.org\/en\/contribution-of-the-media-to-peace-efforts\/studio-yafa","name":"Burkina Faso - Studio Yafa - Annual Report 2024 - Fondation Hirondelle","isPartOf":{"@id":"https:\/\/rapportannuel.hirondelle.org\/en#website"},"primaryImageOfPage":{"@id":"https:\/\/rapportannuel.hirondelle.org\/en\/contribution-of-the-media-to-peace-efforts\/studio-yafa#primaryimage"},"image":{"@id":"https:\/\/rapportannuel.hirondelle.org\/en\/contribution-of-the-media-to-peace-efforts\/studio-yafa#primaryimage"},"thumbnailUrl":"https:\/\/rapportannuel.hirondelle.org\/wp-content\/uploads\/2025\/05\/banner-yafa.jpg","datePublished":"2022-03-21T18:59:15+00:00","dateModified":"2025-06-19T17:19:35+00:00","breadcrumb":{"@id":"https:\/\/rapportannuel.hirondelle.org\/en\/contribution-of-the-media-to-peace-efforts\/studio-yafa#breadcrumb"},"inLanguage":"en-US","potentialAction":[{"@type":"ReadAction","target":["https:\/\/rapportannuel.hirondelle.org\/en\/contribution-of-the-media-to-peace-efforts\/studio-yafa"]}]},{"@type":"ImageObject","inLanguage":"en-US","@id":"https:\/\/rapportannuel.hirondelle.org\/en\/contribution-of-the-media-to-peace-efforts\/studio-yafa#primaryimage","url":"https:\/\/rapportannuel.hirondelle.org\/wp-content\/uploads\/2025\/05\/banner-yafa.jpg","contentUrl":"https:\/\/rapportannuel.hirondelle.org\/wp-content\/uploads\/2025\/05\/banner-yafa.jpg","width":2500,"height":1667,"caption":"A journalist from Studio Yafa records a piece in the studio, in Ouagadougou. @ Olympia de Maismont \/ Fondation Hirondelle."},{"@type":"BreadcrumbList","@id":"https:\/\/rapportannuel.hirondelle.org\/en\/contribution-of-the-media-to-peace-efforts\/studio-yafa#breadcrumb","itemListElement":[{"@type":"ListItem","position":1,"name":"Fostering dialogue and social cohesion","item":"https:\/\/rapportannuel.hirondelle.org\/en\/contribution-of-the-media-to-peace-efforts"},{"@type":"ListItem","position":2,"name":"Burkina Faso &#8211; Studio Yafa"}]},{"@type":"WebSite","@id":"https:\/\/rapportannuel.hirondelle.org\/en#website","url":"https:\/\/rapportannuel.hirondelle.org\/en","name":"Annual Report 2024 - Fondation Hirondelle","description":"","potentialAction":[{"@type":"SearchAction","target":{"@type":"EntryPoint","urlTemplate":"https:\/\/rapportannuel.hirondelle.org\/en?s={search_term_string}"},"query-input":{"@type":"PropertyValueSpecification","valueRequired":true,"valueName":"search_term_string"}}],"inLanguage":"en-US"}]}},"_links":{"self":[{"href":"https:\/\/rapportannuel.hirondelle.org\/en\/wp-json\/wp\/v2\/pages\/550","targetHints":{"allow":["GET"]}}],"collection":[{"href":"https:\/\/rapportannuel.hirondelle.org\/en\/wp-json\/wp\/v2\/pages"}],"about":[{"href":"https:\/\/rapportannuel.hirondelle.org\/en\/wp-json\/wp\/v2\/types\/page"}],"author":[{"embeddable":true,"href":"https:\/\/rapportannuel.hirondelle.org\/en\/wp-json\/wp\/v2\/users\/6"}],"replies":[{"embeddable":true,"href":"https:\/\/rapportannuel.hirondelle.org\/en\/wp-json\/wp\/v2\/comments?post=550"}],"version-history":[{"count":15,"href":"https:\/\/rapportannuel.hirondelle.org\/en\/wp-json\/wp\/v2\/pages\/550\/revisions"}],"predecessor-version":[{"id":2099,"href":"https:\/\/rapportannuel.hirondelle.org\/en\/wp-json\/wp\/v2\/pages\/550\/revisions\/2099"}],"up":[{"embeddable":true,"href":"https:\/\/rapportannuel.hirondelle.org\/en\/wp-json\/wp\/v2\/pages\/552"}],"wp:featuredmedia":[{"embeddable":true,"href":"https:\/\/rapportannuel.hirondelle.org\/en\/wp-json\/wp\/v2\/media\/1921"}],"wp:attachment":[{"href":"https:\/\/rapportannuel.hirondelle.org\/en\/wp-json\/wp\/v2\/media?parent=550"}],"curies":[{"name":"wp","href":"https:\/\/api.w.org\/{rel}","templated":true}]}}