{"id":1927,"date":"2025-06-05T12:14:23","date_gmt":"2025-06-05T10:14:23","guid":{"rendered":"https:\/\/rapportannuel.hirondelle.org\/?page_id=1927"},"modified":"2025-06-19T19:29:02","modified_gmt":"2025-06-19T17:29:02","slug":"benin","status":"publish","type":"page","link":"https:\/\/rapportannuel.hirondelle.org\/en\/contribution-of-the-media-to-peace-efforts\/benin","title":{"rendered":"Benin"},"content":{"rendered":"<p>[vc_row][vc_column width=&#8221;1\/3&#8243;][vc_row_inner el_class=&#8221;coloredBlock coloredBlock&#8211;green&#8221;][vc_column_inner el_class=&#8221;floatingColumn&#8221;][vc_column_text]In September 2024, Fondation Hirondelle launched a new project, M\u00e9SoCiR (Media for a Stronger Civil Society), aimed at supporting the advocacy capacities of Beninese civil society. With funding from the European Union, the project prioritises the circulation of independent, responsible and inclusive information, placing Beninese citizens at the heart of public debate.<\/p>\n<hr \/>\n<h4><strong>Key Figures 2024<\/strong><\/h4>\n<p><strong>18 partner radio stations<\/strong><br \/>\n<strong>23 media professionals trained in <\/strong><strong>fact-checking<\/strong><br \/>\n<strong>3 studies conducted (editorial, <\/strong><strong>technical and management)<\/strong><br \/>\n<strong>8 departments of the country <\/strong><strong>covered<\/strong><\/p>\n<hr \/>\n<h4>Financial Volume 2024<\/h4>\n<p>53,034 CHF<\/p>\n<h4>Sources of Funding<\/h4>\n<p>\u2022 Switzerland (Mandate via GFA)<br \/>\n\u2022 European Union<br \/>\n\u2022 Communication Partnership Contracts<br \/>\n\u2022 Switzerland (SDC Core Contribution)[\/vc_column_text][\/vc_column_inner][\/vc_row_inner][\/vc_column][vc_column width=&#8221;2\/3&#8243;][vc_column_text]<\/p>\n<h2>MEDIA FOR A STRONGER CIVIL SOCIETY IN BENIN<\/h2>\n<p>Although Benin\u2019s thriving media landscape is made up of several media outlets, journalists must adapt to restrictive legislation and political interference that make their job more difficult. Self-regulation measures struggle to take hold, and poor working conditions can lead to self-censorship and threaten the independence of the media.<\/p>\n<p>As part of its new project in Benin, Fondation Hirondelle has developed key partnerships with FeRCAB (F\u00e9d\u00e9ration des Radios Communautaires et Assimil\u00e9es du B\u00e9nin), already a partner in a 2020\u20132021 multi-country Covid-19 anti-disinformation project; and Ek\u00f4lab, a laboratory for quality journalism in West Africa. Working closely with its partners, Fondation Hirondelle has set itself a twofold objective: firstly, to help local media work effectively with civil society organisations (CSOs) and report on the concerns of citizens, and secondly, to improve people\u2019s access to and participation in local media content focused on local development issues. This content includes programmes aimed at promoting gender equality and governance and raising awareness about climate and environmental change.<\/p>\n<p>In 2025, Fondation Hirondelle will pursue the M\u00e9SoCiR project with a training programme for FeRCAB radio stations on journalism techniques, content production and media management. More specific training sessions will be offered according to need\u2014particularly to women in FeRCAB\u2019s women\u2019s network and to partner CSOs\u2014on topics including the use of digital technology, advocacy, communication techniques, local development and gender. Media education workshops will be held for young people aged between 10 and 15 in order to raise their awareness of how information is used, media content production, and the role of independent, responsible and inclusive information.<\/p>\n<p>Project beneficiaries include the 18 FeRCAB radio stations, around 60 women from FeRCAB\u2019s women\u2019s network, around 40 local CSOs, FeRCAB and Ek\u00f4lab.[\/vc_column_text][\/vc_column][vc_column][\/vc_column][vc_column][\/vc_column][vc_column][\/vc_column][vc_column][\/vc_column][\/vc_row]<\/p>\n","protected":false},"excerpt":{"rendered":"<p>[vc_row][vc_column width=&#8221;1\/3&#8243;][vc_row_inner el_class=&#8221;coloredBlock coloredBlock&#8211;green&#8221;][vc_column_inner el_class=&#8221;floatingColumn&#8221;][vc_column_text]In September 2024, Fondation Hirondelle launched a new project, M\u00e9SoCiR (Media for a Stronger Civil Society), aimed at supporting the advocacy capacities of Beninese civil society. With funding from the European Union, the project prioritises the circulation of independent, responsible and inclusive information, placing Beninese citizens at the heart of public [&hellip;]<\/p>\n","protected":false},"author":6,"featured_media":1937,"parent":552,"menu_order":4,"comment_status":"closed","ping_status":"closed","template":"","meta":{"footnotes":""},"class_list":["post-1927","page","type-page","status-publish","hentry"],"yoast_head":"<!-- This site is optimized with the Yoast SEO plugin v25.3.1 - https:\/\/yoast.com\/wordpress\/plugins\/seo\/ -->\n<title>Benin - Annual Report 2024 - Fondation Hirondelle<\/title>\n<meta name=\"robots\" content=\"index, follow, max-snippet:-1, max-image-preview:large, max-video-preview:-1\" \/>\n<link rel=\"canonical\" href=\"https:\/\/rapportannuel.hirondelle.org\/en\/contribution-of-the-media-to-peace-efforts\/benin\" \/>\n<meta property=\"og:locale\" content=\"en_US\" \/>\n<meta property=\"og:type\" content=\"article\" \/>\n<meta property=\"og:title\" content=\"Benin - Annual Report 2024 - Fondation Hirondelle\" \/>\n<meta property=\"og:description\" content=\"[vc_row][vc_column width=&#8221;1\/3&#8243;][vc_row_inner el_class=&#8221;coloredBlock coloredBlock&#8211;green&#8221;][vc_column_inner el_class=&#8221;floatingColumn&#8221;][vc_column_text]In September 2024, Fondation Hirondelle launched a new project, M\u00e9SoCiR (Media for a Stronger Civil Society), aimed at supporting the advocacy capacities of Beninese civil society. With funding from the European Union, the project prioritises the circulation of independent, responsible and inclusive information, placing Beninese citizens at the heart of public [&hellip;]\" \/>\n<meta property=\"og:url\" content=\"https:\/\/rapportannuel.hirondelle.org\/en\/contribution-of-the-media-to-peace-efforts\/benin\" \/>\n<meta property=\"og:site_name\" content=\"Annual Report 2024 - Fondation Hirondelle\" \/>\n<meta property=\"article:modified_time\" content=\"2025-06-19T17:29:02+00:00\" \/>\n<meta property=\"og:image\" content=\"https:\/\/rapportannuel.hirondelle.org\/wp-content\/uploads\/2025\/06\/benin-1.jpg\" \/>\n\t<meta property=\"og:image:width\" content=\"2160\" \/>\n\t<meta property=\"og:image:height\" content=\"1445\" \/>\n\t<meta property=\"og:image:type\" content=\"image\/jpeg\" \/>\n<meta name=\"twitter:card\" content=\"summary_large_image\" \/>\n<meta name=\"twitter:label1\" content=\"Est. reading time\" \/>\n\t<meta name=\"twitter:data1\" content=\"3 minutes\" \/>\n<script type=\"application\/ld+json\" class=\"yoast-schema-graph\">{\"@context\":\"https:\/\/schema.org\",\"@graph\":[{\"@type\":\"WebPage\",\"@id\":\"https:\/\/rapportannuel.hirondelle.org\/en\/contribution-of-the-media-to-peace-efforts\/benin\",\"url\":\"https:\/\/rapportannuel.hirondelle.org\/en\/contribution-of-the-media-to-peace-efforts\/benin\",\"name\":\"Benin - Annual Report 2024 - Fondation Hirondelle\",\"isPartOf\":{\"@id\":\"https:\/\/rapportannuel.hirondelle.org\/en#website\"},\"primaryImageOfPage\":{\"@id\":\"https:\/\/rapportannuel.hirondelle.org\/en\/contribution-of-the-media-to-peace-efforts\/benin#primaryimage\"},\"image\":{\"@id\":\"https:\/\/rapportannuel.hirondelle.org\/en\/contribution-of-the-media-to-peace-efforts\/benin#primaryimage\"},\"thumbnailUrl\":\"https:\/\/rapportannuel.hirondelle.org\/wp-content\/uploads\/2025\/06\/benin-1.jpg\",\"datePublished\":\"2025-06-05T10:14:23+00:00\",\"dateModified\":\"2025-06-19T17:29:02+00:00\",\"breadcrumb\":{\"@id\":\"https:\/\/rapportannuel.hirondelle.org\/en\/contribution-of-the-media-to-peace-efforts\/benin#breadcrumb\"},\"inLanguage\":\"en-US\",\"potentialAction\":[{\"@type\":\"ReadAction\",\"target\":[\"https:\/\/rapportannuel.hirondelle.org\/en\/contribution-of-the-media-to-peace-efforts\/benin\"]}]},{\"@type\":\"ImageObject\",\"inLanguage\":\"en-US\",\"@id\":\"https:\/\/rapportannuel.hirondelle.org\/en\/contribution-of-the-media-to-peace-efforts\/benin#primaryimage\",\"url\":\"https:\/\/rapportannuel.hirondelle.org\/wp-content\/uploads\/2025\/06\/benin-1.jpg\",\"contentUrl\":\"https:\/\/rapportannuel.hirondelle.org\/wp-content\/uploads\/2025\/06\/benin-1.jpg\",\"width\":2160,\"height\":1445,\"caption\":\"A street newspaper vendor in the streets of Cotonou, Benin\u2019s capital. @ Kambou Sia \/ AFP.\"},{\"@type\":\"BreadcrumbList\",\"@id\":\"https:\/\/rapportannuel.hirondelle.org\/en\/contribution-of-the-media-to-peace-efforts\/benin#breadcrumb\",\"itemListElement\":[{\"@type\":\"ListItem\",\"position\":1,\"name\":\"Fostering dialogue and social cohesion\",\"item\":\"https:\/\/rapportannuel.hirondelle.org\/en\/contribution-of-the-media-to-peace-efforts\"},{\"@type\":\"ListItem\",\"position\":2,\"name\":\"Benin\"}]},{\"@type\":\"WebSite\",\"@id\":\"https:\/\/rapportannuel.hirondelle.org\/en#website\",\"url\":\"https:\/\/rapportannuel.hirondelle.org\/en\",\"name\":\"Annual Report 2024 - Fondation Hirondelle\",\"description\":\"\",\"potentialAction\":[{\"@type\":\"SearchAction\",\"target\":{\"@type\":\"EntryPoint\",\"urlTemplate\":\"https:\/\/rapportannuel.hirondelle.org\/en?s={search_term_string}\"},\"query-input\":{\"@type\":\"PropertyValueSpecification\",\"valueRequired\":true,\"valueName\":\"search_term_string\"}}],\"inLanguage\":\"en-US\"}]}<\/script>\n<!-- \/ Yoast SEO plugin. -->","yoast_head_json":{"title":"Benin - Annual Report 2024 - Fondation Hirondelle","robots":{"index":"index","follow":"follow","max-snippet":"max-snippet:-1","max-image-preview":"max-image-preview:large","max-video-preview":"max-video-preview:-1"},"canonical":"https:\/\/rapportannuel.hirondelle.org\/en\/contribution-of-the-media-to-peace-efforts\/benin","og_locale":"en_US","og_type":"article","og_title":"Benin - Annual Report 2024 - Fondation Hirondelle","og_description":"[vc_row][vc_column width=&#8221;1\/3&#8243;][vc_row_inner el_class=&#8221;coloredBlock coloredBlock&#8211;green&#8221;][vc_column_inner el_class=&#8221;floatingColumn&#8221;][vc_column_text]In September 2024, Fondation Hirondelle launched a new project, M\u00e9SoCiR (Media for a Stronger Civil Society), aimed at supporting the advocacy capacities of Beninese civil society. With funding from the European Union, the project prioritises the circulation of independent, responsible and inclusive information, placing Beninese citizens at the heart of public [&hellip;]","og_url":"https:\/\/rapportannuel.hirondelle.org\/en\/contribution-of-the-media-to-peace-efforts\/benin","og_site_name":"Annual Report 2024 - Fondation Hirondelle","article_modified_time":"2025-06-19T17:29:02+00:00","og_image":[{"width":2160,"height":1445,"url":"https:\/\/rapportannuel.hirondelle.org\/wp-content\/uploads\/2025\/06\/benin-1.jpg","type":"image\/jpeg"}],"twitter_card":"summary_large_image","twitter_misc":{"Est. reading time":"3 minutes"},"schema":{"@context":"https:\/\/schema.org","@graph":[{"@type":"WebPage","@id":"https:\/\/rapportannuel.hirondelle.org\/en\/contribution-of-the-media-to-peace-efforts\/benin","url":"https:\/\/rapportannuel.hirondelle.org\/en\/contribution-of-the-media-to-peace-efforts\/benin","name":"Benin - Annual Report 2024 - Fondation Hirondelle","isPartOf":{"@id":"https:\/\/rapportannuel.hirondelle.org\/en#website"},"primaryImageOfPage":{"@id":"https:\/\/rapportannuel.hirondelle.org\/en\/contribution-of-the-media-to-peace-efforts\/benin#primaryimage"},"image":{"@id":"https:\/\/rapportannuel.hirondelle.org\/en\/contribution-of-the-media-to-peace-efforts\/benin#primaryimage"},"thumbnailUrl":"https:\/\/rapportannuel.hirondelle.org\/wp-content\/uploads\/2025\/06\/benin-1.jpg","datePublished":"2025-06-05T10:14:23+00:00","dateModified":"2025-06-19T17:29:02+00:00","breadcrumb":{"@id":"https:\/\/rapportannuel.hirondelle.org\/en\/contribution-of-the-media-to-peace-efforts\/benin#breadcrumb"},"inLanguage":"en-US","potentialAction":[{"@type":"ReadAction","target":["https:\/\/rapportannuel.hirondelle.org\/en\/contribution-of-the-media-to-peace-efforts\/benin"]}]},{"@type":"ImageObject","inLanguage":"en-US","@id":"https:\/\/rapportannuel.hirondelle.org\/en\/contribution-of-the-media-to-peace-efforts\/benin#primaryimage","url":"https:\/\/rapportannuel.hirondelle.org\/wp-content\/uploads\/2025\/06\/benin-1.jpg","contentUrl":"https:\/\/rapportannuel.hirondelle.org\/wp-content\/uploads\/2025\/06\/benin-1.jpg","width":2160,"height":1445,"caption":"A street newspaper vendor in the streets of Cotonou, Benin\u2019s capital. @ Kambou Sia \/ AFP."},{"@type":"BreadcrumbList","@id":"https:\/\/rapportannuel.hirondelle.org\/en\/contribution-of-the-media-to-peace-efforts\/benin#breadcrumb","itemListElement":[{"@type":"ListItem","position":1,"name":"Fostering dialogue and social cohesion","item":"https:\/\/rapportannuel.hirondelle.org\/en\/contribution-of-the-media-to-peace-efforts"},{"@type":"ListItem","position":2,"name":"Benin"}]},{"@type":"WebSite","@id":"https:\/\/rapportannuel.hirondelle.org\/en#website","url":"https:\/\/rapportannuel.hirondelle.org\/en","name":"Annual Report 2024 - Fondation Hirondelle","description":"","potentialAction":[{"@type":"SearchAction","target":{"@type":"EntryPoint","urlTemplate":"https:\/\/rapportannuel.hirondelle.org\/en?s={search_term_string}"},"query-input":{"@type":"PropertyValueSpecification","valueRequired":true,"valueName":"search_term_string"}}],"inLanguage":"en-US"}]}},"_links":{"self":[{"href":"https:\/\/rapportannuel.hirondelle.org\/en\/wp-json\/wp\/v2\/pages\/1927","targetHints":{"allow":["GET"]}}],"collection":[{"href":"https:\/\/rapportannuel.hirondelle.org\/en\/wp-json\/wp\/v2\/pages"}],"about":[{"href":"https:\/\/rapportannuel.hirondelle.org\/en\/wp-json\/wp\/v2\/types\/page"}],"author":[{"embeddable":true,"href":"https:\/\/rapportannuel.hirondelle.org\/en\/wp-json\/wp\/v2\/users\/6"}],"replies":[{"embeddable":true,"href":"https:\/\/rapportannuel.hirondelle.org\/en\/wp-json\/wp\/v2\/comments?post=1927"}],"version-history":[{"count":4,"href":"https:\/\/rapportannuel.hirondelle.org\/en\/wp-json\/wp\/v2\/pages\/1927\/revisions"}],"predecessor-version":[{"id":2105,"href":"https:\/\/rapportannuel.hirondelle.org\/en\/wp-json\/wp\/v2\/pages\/1927\/revisions\/2105"}],"up":[{"embeddable":true,"href":"https:\/\/rapportannuel.hirondelle.org\/en\/wp-json\/wp\/v2\/pages\/552"}],"wp:featuredmedia":[{"embeddable":true,"href":"https:\/\/rapportannuel.hirondelle.org\/en\/wp-json\/wp\/v2\/media\/1937"}],"wp:attachment":[{"href":"https:\/\/rapportannuel.hirondelle.org\/en\/wp-json\/wp\/v2\/media?parent=1927"}],"curies":[{"name":"wp","href":"https:\/\/api.w.org\/{rel}","templated":true}]}}